{"id":134,"date":"2022-12-07T09:38:27","date_gmt":"2022-12-07T09:38:27","guid":{"rendered":"https:\/\/stroke.omiii.hu\/?page_id=134"},"modified":"2022-12-07T11:44:17","modified_gmt":"2022-12-07T11:44:17","slug":"regiszterrol","status":"publish","type":"page","link":"https:\/\/stroke.betegregiszter.hu\/?page_id=134","title":{"rendered":"Regiszterr\u0151l"},"content":{"rendered":"\n<ul class=\"wp-block-list\">\n<li><strong>M\u0171k\u00f6dtet\u0151je<\/strong><\/li>\n<\/ul>\n\n\n\n<p>A program m\u0171k\u00f6dtet\u0151je az <strong><strong>ORSZ\u00c1GOS MENT\u00c1LIS, IDEGGY\u00d3GY\u00c1SZATI<\/strong> <strong>\u00c9S IDEGSEB\u00c9SZETI INT\u00c9ZET<\/strong><\/strong><\/p>\n\n\n\n<ul class=\"wp-block-list\">\n<li><strong>A regiszter c\u00e9lja:<\/strong><\/li>\n<\/ul>\n\n\n\n<p>A Stroke <strong>regiszter<\/strong> c\u00e9lja, a regiszterrendeletben meghat\u00e1rozott diagn\u00f3zissal kezelt betegeket ell\u00e1t\u00f3 int\u00e9zm\u00e9nyekt\u0151l sz\u00e1rmaz\u00f3 adatok gy\u0171jt\u00e9se, a gondoz\u00e1si l\u00e1ncok elemz\u00e9s\u00e9nek c\u00e9lj\u00e1b\u00f3l.<\/p>\n\n\n\n<p>A fekv\u0151beteg a j\u00e1r\u00f3beteg \u00e9s egy\u00e9b eg\u00e9szs\u00e9g\u00fcgyi ell\u00e1t\u00e1sb\u00f3l sz\u00e1rmaz\u00f3 inform\u00e1ci\u00f3k seg\u00edts\u00e9g\u00e9vel, a kezel\u00e9sr\u0151l min\u0151s\u00e9g\u00e9r\u0151l, a vizsg\u00e1lati eredm\u00e9nyekr\u0151l, k\u00f3rlefoly\u00e1sokr\u00f3l juthatunk adatokhoz. Az \u00f6sszetett adatgy\u0171jt\u00e9ssel c\u00e9lunk a betegs\u00e9g lefoly\u00e1s\u00e1t befoly\u00e1sol\u00f3 t\u00e9nyez\u0151k vizsg\u00e1lata.<\/p>\n\n\n\n<p>Az ell\u00e1t\u00e1sok felt\u00e9rk\u00e9pez\u00e9se sor\u00e1n szeretn\u00e9nk felder\u00edteni az ell\u00e1t\u00e1s gy\u00f3gy\u00edt\u00e1s sor\u00e1n alkalmazott k\u00fcl\u00f6nb\u00f6z\u0151&nbsp;ter\u00e1pi\u00e1s m\u00f3dszereket, valamint az \u00e1pol\u00e1st k\u00f6vet\u0151 j\u00e1r\u00f3 \u00e9s gondoz\u00f3i esem\u00e9nyek alakul\u00e1s\u00e1t.<\/p>\n\n\n\n<p><\/p>\n\n\n\n<ul class=\"wp-block-list\">\n<li><strong>A M\u00f3dszertani oszt\u00e1ly feladata<\/strong><\/li>\n<\/ul>\n\n\n\n<p>A M\u00f3dszertani oszt\u00e1ly feladata a Stroke regiszter rendszer kidolgoz\u00e1sa \u00e9s \u00fczemeltet\u00e9se. <\/p>\n\n\n\n<p>Ennek c\u00e9lja a betegutak \u00e9s az ell\u00e1t\u00e1si l\u00e1ncok felt\u00e9rk\u00e9pez\u00e9se \u00e9s javaslatt\u00e9tel a betegell\u00e1t\u00e1sa jobb\u00e1 t\u00e9tel\u00e9re.&nbsp;<\/p>\n\n\n\n<p>Alapvet\u0151en a retrospekt\u00edv<em> <\/em>alapul\u00f3 adatgy\u0171jt\u00e9s, jellemz\u0151en a medikai rendszerek adatszolg\u00e1ltat\u00e1sa \u00e9s meghat\u00e1rozott NEAK adatok \u00e1tv\u00e9tel\u00e9vel t\u00f6rt\u00e9nik.<\/p>\n\n\n\n<p>Ezen inform\u00e1ci\u00f3k szakmailag sz\u00fcks\u00e9ges adatokkal t\u00f6rt\u00e9n\u0151 gazdag\u00edt\u00e1sa a Regiszter fel\u00fcleten v\u00e9gezhet\u0151.<\/p>\n\n\n\n<ul class=\"wp-block-list\">\n<li><strong>A program r\u00e9sztvev\u0151i<\/strong><\/li>\n<\/ul>\n\n\n\n<p>Minden olyan eg\u00e9szs\u00e9g\u00fcgyi szolg\u00e1ltat\u00f3, aki a regiszter rendeletben meghat\u00e1rozott diagn\u00f3zissal l\u00e1ttak el beteget.<\/p>\n","protected":false},"excerpt":{"rendered":"<p>A program m\u0171k\u00f6dtet\u0151je az ORSZ\u00c1GOS MENT\u00c1LIS, IDEGGY\u00d3GY\u00c1SZATI \u00c9S IDEGSEB\u00c9SZETI INT\u00c9ZET A Stroke regiszter c\u00e9lja, a regiszterrendeletben meghat\u00e1rozott diagn\u00f3zissal kezelt betegeket ell\u00e1t\u00f3 int\u00e9zm\u00e9nyekt\u0151l sz\u00e1rmaz\u00f3 adatok gy\u0171jt\u00e9se, a gondoz\u00e1si l\u00e1ncok elemz\u00e9s\u00e9nek c\u00e9lj\u00e1b\u00f3l. A fekv\u0151beteg a j\u00e1r\u00f3beteg \u00e9s egy\u00e9b eg\u00e9szs\u00e9g\u00fcgyi ell\u00e1t\u00e1sb\u00f3l sz\u00e1rmaz\u00f3 inform\u00e1ci\u00f3k seg\u00edts\u00e9g\u00e9vel, a kezel\u00e9sr\u0151l min\u0151s\u00e9g\u00e9r\u0151l, a vizsg\u00e1lati eredm\u00e9nyekr\u0151l, k\u00f3rlefoly\u00e1sokr\u00f3l juthatunk adatokhoz. Az \u00f6sszetett adatgy\u0171jt\u00e9ssel c\u00e9lunk a [&hellip;]<\/p>\n","protected":false},"author":2,"featured_media":0,"parent":0,"menu_order":0,"comment_status":"closed","ping_status":"closed","template":"","meta":{"footnotes":""},"class_list":["post-134","page","type-page","status-publish","hentry"],"_links":{"self":[{"href":"https:\/\/stroke.betegregiszter.hu\/index.php?rest_route=\/wp\/v2\/pages\/134","targetHints":{"allow":["GET"]}}],"collection":[{"href":"https:\/\/stroke.betegregiszter.hu\/index.php?rest_route=\/wp\/v2\/pages"}],"about":[{"href":"https:\/\/stroke.betegregiszter.hu\/index.php?rest_route=\/wp\/v2\/types\/page"}],"author":[{"embeddable":true,"href":"https:\/\/stroke.betegregiszter.hu\/index.php?rest_route=\/wp\/v2\/users\/2"}],"replies":[{"embeddable":true,"href":"https:\/\/stroke.betegregiszter.hu\/index.php?rest_route=%2Fwp%2Fv2%2Fcomments&post=134"}],"version-history":[{"count":13,"href":"https:\/\/stroke.betegregiszter.hu\/index.php?rest_route=\/wp\/v2\/pages\/134\/revisions"}],"predecessor-version":[{"id":150,"href":"https:\/\/stroke.betegregiszter.hu\/index.php?rest_route=\/wp\/v2\/pages\/134\/revisions\/150"}],"wp:attachment":[{"href":"https:\/\/stroke.betegregiszter.hu\/index.php?rest_route=%2Fwp%2Fv2%2Fmedia&parent=134"}],"curies":[{"name":"wp","href":"https:\/\/api.w.org\/{rel}","templated":true}]}}