{"id":151,"date":"2022-12-09T09:24:00","date_gmt":"2022-12-09T09:24:00","guid":{"rendered":"https:\/\/stroke.omiii.hu\/?page_id=151"},"modified":"2022-12-12T13:12:24","modified_gmt":"2022-12-12T13:12:24","slug":"elerhetoseg","status":"publish","type":"page","link":"https:\/\/stroke.betegregiszter.hu\/?page_id=151","title":{"rendered":"El\u00e9rhet\u0151s\u00e9g"},"content":{"rendered":"\n<p class=\"has-text-align-center\"><em>Az&nbsp;Orsz\u00e1gos Ment\u00e1lis, Ideggy\u00f3gy\u00e1szati \u00e9s Idegseb\u00e9szeti Int\u00e9zet&nbsp;el\u00e9rhet\u0151s\u00e9gei:<\/em><\/p>\n\n\n\n<p class=\"has-text-align-center\">1145. Budapest, Amerikai \u00fat 57.<\/p>\n\n\n\n<h5 class=\"has-text-align-center wp-block-heading\">Az Int\u00e9zet vezet\u0151je:<\/h5>\n\n\n\n<p class=\"has-text-align-center\"> F\u0151igazgat\u00f3: med. habil. Dr. Er\u0151ss Lor\u00e1nd PhD<\/p>\n\n\n\n<p>Telephelyek:<\/p>\n\n\n\n<div class=\"wp-block-columns is-layout-flex wp-container-core-columns-is-layout-9d6595d7 wp-block-columns-is-layout-flex\">\n<div class=\"wp-block-column is-layout-flow wp-block-column-is-layout-flow\">\n<p>Orsz\u00e1gos <strong>Ideggy\u00f3gy\u00e1szati \u00e9s Idegseb\u00e9szet<\/strong> Amerikai \u00fati telephely:<\/p>\n\n\n\n<p><strong>Telefon:<\/strong><\/p>\n\n\n\n<figure class=\"wp-block-image size-full\"><img decoding=\"async\" src=\"http:\/\/affektiv.omiii.hu\/wp-content\/uploads\/2022\/12\/Telefon.png\" alt=\"\" class=\"wp-image-111\"\/><\/figure>\n\n\n\n<p><strong>+36 1 467 9300<\/strong><\/p>\n\n\n\n<p>1145 Budapest, Amerikai \u00fat 57.<\/p>\n\n\n\n<p><\/p>\n\n\n\n<p><strong>T\u00e9rk\u00e9p:<\/strong><\/p>\n\n\n\n<p><a rel=\"noreferrer noopener\" href=\"https:\/\/www.google.com\/maps\/@47.5185895,19.099555,18z?hl=hu\" target=\"_blank\">ide<\/a><\/p>\n\n\n\n<figure class=\"wp-block-image size-full\"><img decoding=\"async\" src=\"http:\/\/affektiv.omiii.hu\/wp-content\/uploads\/2022\/12\/terkep-1.png\" alt=\"\" class=\"wp-image-114\"\/><\/figure>\n<\/div>\n\n\n\n<div class=\"wp-block-column is-layout-flow wp-block-column-is-layout-flow\">\n<p>Lehel \u00fati telephely &#8211; <strong>Ny\u00edr\u0151 Gyula K\u00f3rh\u00e1z<\/strong> &#8211; Orsz\u00e1gos Ment\u00e1lis Int\u00e9zet<\/p>\n\n\n\n<p><strong>Telefon<\/strong>:<\/p>\n\n\n\n<figure class=\"wp-block-image size-full\"><img decoding=\"async\" src=\"http:\/\/affektiv.omiii.hu\/wp-content\/uploads\/2022\/12\/Telefon.png\" alt=\"\" class=\"wp-image-111\"\/><\/figure>\n\n\n\n<p>(+36-1)\u00a0<strong>451-26-00<\/strong><\/p>\n\n\n\n<p>1135 Budapest, Lehel utca 59-61.  \/    1135 Budapest, J\u00e1sz utca 14.<\/p>\n\n\n\n<p><strong>T\u00e9rk\u00e9p:<\/strong><\/p>\n\n\n\n<p><a rel=\"noreferrer noopener\" href=\"https:\/\/www.google.com\/maps\/@47.5273683,19.0801666,18z?hl=hu\" target=\"_blank\">ide<\/a><\/p>\n\n\n\n<figure class=\"wp-block-image size-full\"><img decoding=\"async\" src=\"https:\/\/affektiv.omiii.hu\/wp-content\/uploads\/2022\/12\/image-2.png\" alt=\"\" class=\"wp-image-129\"\/><\/figure>\n<\/div>\n<\/div>\n","protected":false},"excerpt":{"rendered":"<p>Az&nbsp;Orsz\u00e1gos Ment\u00e1lis, Ideggy\u00f3gy\u00e1szati \u00e9s Idegseb\u00e9szeti Int\u00e9zet&nbsp;el\u00e9rhet\u0151s\u00e9gei: 1145. Budapest, Amerikai \u00fat 57. Az Int\u00e9zet vezet\u0151je: F\u0151igazgat\u00f3: med. habil. Dr. Er\u0151ss Lor\u00e1nd PhD Telephelyek: Orsz\u00e1gos Ideggy\u00f3gy\u00e1szati \u00e9s Idegseb\u00e9szet Amerikai \u00fati telephely: Telefon: +36 1 467 9300 1145 Budapest, Amerikai \u00fat 57. T\u00e9rk\u00e9p: ide Lehel \u00fati telephely &#8211; Ny\u00edr\u0151 Gyula K\u00f3rh\u00e1z &#8211; Orsz\u00e1gos Ment\u00e1lis Int\u00e9zet Telefon: (+36-1)\u00a0451-26-00 1135 [&hellip;]<\/p>\n","protected":false},"author":2,"featured_media":0,"parent":0,"menu_order":0,"comment_status":"closed","ping_status":"closed","template":"","meta":{"footnotes":""},"class_list":["post-151","page","type-page","status-publish","hentry"],"_links":{"self":[{"href":"https:\/\/stroke.betegregiszter.hu\/index.php?rest_route=\/wp\/v2\/pages\/151","targetHints":{"allow":["GET"]}}],"collection":[{"href":"https:\/\/stroke.betegregiszter.hu\/index.php?rest_route=\/wp\/v2\/pages"}],"about":[{"href":"https:\/\/stroke.betegregiszter.hu\/index.php?rest_route=\/wp\/v2\/types\/page"}],"author":[{"embeddable":true,"href":"https:\/\/stroke.betegregiszter.hu\/index.php?rest_route=\/wp\/v2\/users\/2"}],"replies":[{"embeddable":true,"href":"https:\/\/stroke.betegregiszter.hu\/index.php?rest_route=%2Fwp%2Fv2%2Fcomments&post=151"}],"version-history":[{"count":5,"href":"https:\/\/stroke.betegregiszter.hu\/index.php?rest_route=\/wp\/v2\/pages\/151\/revisions"}],"predecessor-version":[{"id":157,"href":"https:\/\/stroke.betegregiszter.hu\/index.php?rest_route=\/wp\/v2\/pages\/151\/revisions\/157"}],"wp:attachment":[{"href":"https:\/\/stroke.betegregiszter.hu\/index.php?rest_route=%2Fwp%2Fv2%2Fmedia&parent=151"}],"curies":[{"name":"wp","href":"https:\/\/api.w.org\/{rel}","templated":true}]}}